{"id":8077,"date":"2023-04-13T10:04:36","date_gmt":"2023-04-13T10:04:36","guid":{"rendered":"https:\/\/www.tourislab.com\/blog\/"},"modified":"2026-01-27T14:34:39","modified_gmt":"2026-01-27T14:34:39","slug":"blog","status":"publish","type":"page","link":"https:\/\/www.tourislab.com\/es\/blog\/","title":{"rendered":"Blog"},"content":{"rendered":"\t\t<div data-elementor-type=\"wp-page\" data-elementor-id=\"8077\" class=\"elementor elementor-8077 elementor-2208\" data-elementor-post-type=\"page\">\n\t\t\t\t\t\t<section class=\"elementor-section elementor-top-section elementor-element elementor-element-4f18476 elementor-section-full_width elementor-section-height-min-height elementor-section-height-default elementor-section-items-middle\" data-id=\"4f18476\" data-element_type=\"section\" data-settings=\"{&quot;background_background&quot;:&quot;classic&quot;,&quot;shape_divider_bottom&quot;:&quot;tilt&quot;}\">\n\t\t\t\t\t\t\t<div class=\"elementor-background-overlay\"><\/div>\n\t\t\t\t\t\t<div class=\"elementor-shape elementor-shape-bottom\" data-negative=\"false\">\n\t\t\t<svg xmlns=\"http:\/\/www.w3.org\/2000\/svg\" viewBox=\"0 0 1000 100\" preserveAspectRatio=\"none\">\n\t<path class=\"elementor-shape-fill\" d=\"M0,6V0h1000v100L0,6z\"\/>\n<\/svg>\t\t<\/div>\n\t\t\t\t\t<div class=\"elementor-container elementor-column-gap-no\">\n\t\t\t\t\t<div class=\"elementor-column elementor-col-50 elementor-top-column elementor-element elementor-element-8c9119b\" data-id=\"8c9119b\" data-element_type=\"column\">\n\t\t\t<div class=\"elementor-widget-wrap\">\n\t\t\t\t\t\t\t<\/div>\n\t\t<\/div>\n\t\t\t\t<div class=\"elementor-column elementor-col-50 elementor-top-column elementor-element elementor-element-6f64a80\" data-id=\"6f64a80\" data-element_type=\"column\">\n\t\t\t<div class=\"elementor-widget-wrap elementor-element-populated\">\n\t\t\t\t\t\t<div class=\"elementor-element elementor-element-ba565d4 elementor-widget elementor-widget-image\" data-id=\"ba565d4\" data-element_type=\"widget\" data-widget_type=\"image.default\">\n\t\t\t\t<div class=\"elementor-widget-container\">\n\t\t\t<style>\/*! elementor - v3.23.0 - 05-08-2024 *\/\n.elementor-widget-image{text-align:center}.elementor-widget-image a{display:inline-block}.elementor-widget-image a img[src$=\".svg\"]{width:48px}.elementor-widget-image img{vertical-align:middle;display:inline-block}<\/style>\t\t\t\t\t\t\t\t\t\t<img fetchpriority=\"high\" decoding=\"async\" width=\"600\" height=\"600\" src=\"https:\/\/www.tourislab.com\/wp-content\/uploads\/2024\/04\/Tourislab_hexagons_blancs_01.png\" class=\"attachment-full size-full wp-image-7999\" alt=\"\" srcset=\"https:\/\/www.tourislab.com\/wp-content\/uploads\/2024\/04\/Tourislab_hexagons_blancs_01.png 600w, https:\/\/www.tourislab.com\/wp-content\/uploads\/2024\/04\/Tourislab_hexagons_blancs_01-300x300.png 300w, https:\/\/www.tourislab.com\/wp-content\/uploads\/2024\/04\/Tourislab_hexagons_blancs_01-150x150.png 150w, https:\/\/www.tourislab.com\/wp-content\/uploads\/2024\/04\/Tourislab_hexagons_blancs_01-100x100.png 100w, https:\/\/www.tourislab.com\/wp-content\/uploads\/2024\/04\/Tourislab_hexagons_blancs_01-140x140.png 140w, https:\/\/www.tourislab.com\/wp-content\/uploads\/2024\/04\/Tourislab_hexagons_blancs_01-500x500.png 500w, https:\/\/www.tourislab.com\/wp-content\/uploads\/2024\/04\/Tourislab_hexagons_blancs_01-350x350.png 350w\" sizes=\"(max-width: 600px) 100vw, 600px\" \/>\t\t\t\t\t\t\t\t\t\t\t\t\t<\/div>\n\t\t\t\t<\/div>\n\t\t\t\t<div class=\"elementor-element elementor-element-582c49c elementor-widget elementor-widget-heading\" data-id=\"582c49c\" data-element_type=\"widget\" data-widget_type=\"heading.default\">\n\t\t\t\t<div class=\"elementor-widget-container\">\n\t\t\t<style>\/*! elementor - v3.23.0 - 05-08-2024 *\/\n.elementor-heading-title{padding:0;margin:0;line-height:1}.elementor-widget-heading .elementor-heading-title[class*=elementor-size-]>a{color:inherit;font-size:inherit;line-height:inherit}.elementor-widget-heading .elementor-heading-title.elementor-size-small{font-size:15px}.elementor-widget-heading .elementor-heading-title.elementor-size-medium{font-size:19px}.elementor-widget-heading .elementor-heading-title.elementor-size-large{font-size:29px}.elementor-widget-heading .elementor-heading-title.elementor-size-xl{font-size:39px}.elementor-widget-heading .elementor-heading-title.elementor-size-xxl{font-size:59px}<\/style><h1 class=\"elementor-heading-title elementor-size-default\">Blog con art\u00edculos y noticias de inter\u00e9s<\/h1>\t\t<\/div>\n\t\t\t\t<\/div>\n\t\t\t\t\t<\/div>\n\t\t<\/div>\n\t\t\t\t\t<\/div>\n\t\t<\/section>\n\t\t\t\t<section class=\"elementor-section elementor-top-section elementor-element elementor-element-46caa29d elementor-section-full_width elementor-section-height-default elementor-section-height-default\" data-id=\"46caa29d\" data-element_type=\"section\" data-settings=\"{&quot;background_background&quot;:&quot;classic&quot;}\">\n\t\t\t\t\t\t\t<div class=\"elementor-background-overlay\"><\/div>\n\t\t\t\t\t\t\t<div class=\"elementor-container elementor-column-gap-no\">\n\t\t\t\t\t<div class=\"elementor-column elementor-col-100 elementor-top-column elementor-element elementor-element-398def65\" data-id=\"398def65\" data-element_type=\"column\">\n\t\t\t<div class=\"elementor-widget-wrap elementor-element-populated\">\n\t\t\t\t\t\t<div class=\"elementor-element elementor-element-3529bc64 elementor-invisible elementor-widget elementor-widget-heading\" data-id=\"3529bc64\" data-element_type=\"widget\" data-settings=\"{&quot;_animation&quot;:&quot;fadeInLeft&quot;}\" data-widget_type=\"heading.default\">\n\t\t\t\t<div class=\"elementor-widget-container\">\n\t\t\t<h2 class=\"elementor-heading-title elementor-size-default\">Blog<\/h2>\t\t<\/div>\n\t\t\t\t<\/div>\n\t\t\t\t<div class=\"elementor-element elementor-element-6f6a0243 elementor-invisible elementor-widget elementor-widget-text-editor\" data-id=\"6f6a0243\" data-element_type=\"widget\" data-settings=\"{&quot;_animation&quot;:&quot;fadeInLeft&quot;}\" data-widget_type=\"text-editor.default\">\n\t\t\t\t<div class=\"elementor-widget-container\">\n\t\t\t<style>\/*! elementor - v3.23.0 - 05-08-2024 *\/\n.elementor-widget-text-editor.elementor-drop-cap-view-stacked .elementor-drop-cap{background-color:#69727d;color:#fff}.elementor-widget-text-editor.elementor-drop-cap-view-framed .elementor-drop-cap{color:#69727d;border:3px solid;background-color:transparent}.elementor-widget-text-editor:not(.elementor-drop-cap-view-default) .elementor-drop-cap{margin-top:8px}.elementor-widget-text-editor:not(.elementor-drop-cap-view-default) .elementor-drop-cap-letter{width:1em;height:1em}.elementor-widget-text-editor .elementor-drop-cap{float:left;text-align:center;line-height:1;font-size:50px}.elementor-widget-text-editor .elementor-drop-cap-letter{display:inline-block}<\/style>\t\t\t\tEn este apartado te informamos de noticias y art\u00edculos de inter\u00e9s\t\t\t\t\t\t<\/div>\n\t\t\t\t<\/div>\n\t\t\t\t<div class=\"elementor-element elementor-element-1ed52566 elementor-invisible elementor-widget elementor-widget-text-editor\" data-id=\"1ed52566\" data-element_type=\"widget\" data-settings=\"{&quot;_animation&quot;:&quot;fadeInLeft&quot;}\" data-widget_type=\"text-editor.default\">\n\t\t\t\t<div class=\"elementor-widget-container\">\n\t\t\t\t\t\t\t\u00bfQuieres estar al d\u00eda de las novedades de Tourislab? En este apartado de la web encontrar\u00e1s art\u00edculos sobre proyectos y noticias de inter\u00e9s de diferentes \u00e1mbitos. \t\t\t\t\t\t<\/div>\n\t\t\t\t<\/div>\n\t\t\t\t\t<\/div>\n\t\t<\/div>\n\t\t\t\t\t<\/div>\n\t\t<\/section>\n\t\t\t\t<section class=\"elementor-section elementor-top-section elementor-element elementor-element-e3f7307 elementor-section-full_width elementor-section-height-default elementor-section-height-default\" data-id=\"e3f7307\" data-element_type=\"section\" data-settings=\"{&quot;background_background&quot;:&quot;gradient&quot;}\">\n\t\t\t\t\t\t\t<div class=\"elementor-background-overlay\"><\/div>\n\t\t\t\t\t\t\t<div class=\"elementor-container elementor-column-gap-no\">\n\t\t\t\t\t<div class=\"elementor-column elementor-col-100 elementor-top-column elementor-element elementor-element-7be54\" data-id=\"7be54\" data-element_type=\"column\">\n\t\t\t<div class=\"elementor-widget-wrap elementor-element-populated\">\n\t\t\t\t\t\t<div class=\"elementor-element elementor-element-0c7cd53 elementor-grid-1 elementor-posts--align-left elementor-posts--thumbnail-left elementor-grid-tablet-1 elementor-grid-mobile-1 elementor-widget elementor-widget-posts\" data-id=\"0c7cd53\" data-element_type=\"widget\" data-settings=\"{&quot;classic_columns&quot;:&quot;1&quot;,&quot;classic_row_gap&quot;:{&quot;unit&quot;:&quot;px&quot;,&quot;size&quot;:20,&quot;sizes&quot;:[]},&quot;classic_columns_tablet&quot;:&quot;1&quot;,&quot;classic_row_gap_tablet&quot;:{&quot;unit&quot;:&quot;px&quot;,&quot;size&quot;:20,&quot;sizes&quot;:[]},&quot;classic_row_gap_mobile&quot;:{&quot;unit&quot;:&quot;px&quot;,&quot;size&quot;:10,&quot;sizes&quot;:[]},&quot;pagination_type&quot;:&quot;numbers&quot;,&quot;classic_columns_mobile&quot;:&quot;1&quot;}\" data-widget_type=\"posts.classic\">\n\t\t\t\t<div class=\"elementor-widget-container\">\n\t\t\t<link rel=\"stylesheet\" href=\"https:\/\/www.tourislab.com\/wp-content\/plugins\/pro-elements\/assets\/css\/widget-posts.min.css?ver=1723452304\">\t\t<div class=\"elementor-posts-container elementor-posts elementor-posts--skin-classic elementor-grid\">\n\t\t\t\t<article class=\"elementor-post elementor-grid-item post-8375 post type-post status-publish format-standard has-post-thumbnail category-enogastronomia category-nuevos-productos\">\n\t\t\t\t<a class=\"elementor-post__thumbnail__link\" href=\"https:\/\/www.tourislab.com\/es\/presentamos-el-club-de-producto-turistico-de-la-ruta-del-vino-de-la-comarca-del-priorat\/\" tabindex=\"-1\" >\n\t\t\t<div class=\"elementor-post__thumbnail\"><img decoding=\"async\" width=\"1920\" height=\"1080\" src=\"https:\/\/www.tourislab.com\/wp-content\/uploads\/2025\/07\/reunio-2.png\" class=\"attachment-full size-full wp-image-8374\" alt=\"\" srcset=\"https:\/\/www.tourislab.com\/wp-content\/uploads\/2025\/07\/reunio-2.png 1920w, https:\/\/www.tourislab.com\/wp-content\/uploads\/2025\/07\/reunio-2-300x169.png 300w, https:\/\/www.tourislab.com\/wp-content\/uploads\/2025\/07\/reunio-2-1024x576.png 1024w, https:\/\/www.tourislab.com\/wp-content\/uploads\/2025\/07\/reunio-2-768x432.png 768w, https:\/\/www.tourislab.com\/wp-content\/uploads\/2025\/07\/reunio-2-1536x864.png 1536w\" sizes=\"(max-width: 1920px) 100vw, 1920px\" \/><\/div>\n\t\t<\/a>\n\t\t\t\t<div class=\"elementor-post__text\">\n\t\t\t\t<h2 class=\"elementor-post__title\">\n\t\t\t<a href=\"https:\/\/www.tourislab.com\/es\/presentamos-el-club-de-producto-turistico-de-la-ruta-del-vino-de-la-comarca-del-priorat\/\" >\n\t\t\t\tPresentamos el club de producto tur\u00edstico de la Ruta del Vino de la Comarca del Priorat\t\t\t<\/a>\n\t\t<\/h2>\n\t\t\t\t<div class=\"elementor-post__meta-data\">\n\t\t\t\t\t<span class=\"elementor-post-date\">\n\t\t\t29\/07\/2025\t\t<\/span>\n\t\t\t\t<\/div>\n\t\t\n\t\t<a class=\"elementor-post__read-more\" href=\"https:\/\/www.tourislab.com\/es\/presentamos-el-club-de-producto-turistico-de-la-ruta-del-vino-de-la-comarca-del-priorat\/\" aria-label=\"Read more about Presentamos el club de producto tur\u00edstico de la Ruta del Vino de la Comarca del Priorat\" tabindex=\"-1\" >\n\t\t\t+ info\t\t<\/a>\n\n\t\t\t\t<\/div>\n\t\t\t\t<\/article>\n\t\t\t\t<\/div>\n\t\t\n\t\t\t\t<\/div>\n\t\t\t\t<\/div>\n\t\t\t\t\t<\/div>\n\t\t<\/div>\n\t\t\t\t\t<\/div>\n\t\t<\/section>\n\t\t\t\t<section class=\"elementor-section elementor-top-section elementor-element elementor-element-d28f4ff elementor-section-full_width elementor-section-height-default elementor-section-height-default\" data-id=\"d28f4ff\" data-element_type=\"section\" data-settings=\"{&quot;background_background&quot;:&quot;classic&quot;}\">\n\t\t\t\t\t\t\t<div class=\"elementor-background-overlay\"><\/div>\n\t\t\t\t\t\t\t<div class=\"elementor-container elementor-column-gap-no\">\n\t\t\t\t\t<div class=\"elementor-column elementor-col-100 elementor-top-column elementor-element elementor-element-b6ee363\" data-id=\"b6ee363\" data-element_type=\"column\">\n\t\t\t<div class=\"elementor-widget-wrap elementor-element-populated\">\n\t\t\t\t\t\t<div class=\"elementor-element elementor-element-bbf36ab elementor-widget elementor-widget-image\" data-id=\"bbf36ab\" data-element_type=\"widget\" data-widget_type=\"image.default\">\n\t\t\t\t<div class=\"elementor-widget-container\">\n\t\t\t\t\t\t\t\t\t\t\t\t\t<img decoding=\"async\" width=\"1200\" height=\"1211\" src=\"https:\/\/www.tourislab.com\/wp-content\/uploads\/2024\/04\/Tourislab_hexagons_verd_03.png\" class=\"attachment-full size-full wp-image-8008\" alt=\"\" srcset=\"https:\/\/www.tourislab.com\/wp-content\/uploads\/2024\/04\/Tourislab_hexagons_verd_03.png 1200w, https:\/\/www.tourislab.com\/wp-content\/uploads\/2024\/04\/Tourislab_hexagons_verd_03-297x300.png 297w, https:\/\/www.tourislab.com\/wp-content\/uploads\/2024\/04\/Tourislab_hexagons_verd_03-1015x1024.png 1015w, https:\/\/www.tourislab.com\/wp-content\/uploads\/2024\/04\/Tourislab_hexagons_verd_03-150x150.png 150w, https:\/\/www.tourislab.com\/wp-content\/uploads\/2024\/04\/Tourislab_hexagons_verd_03-768x775.png 768w, https:\/\/www.tourislab.com\/wp-content\/uploads\/2024\/04\/Tourislab_hexagons_verd_03-100x100.png 100w, https:\/\/www.tourislab.com\/wp-content\/uploads\/2024\/04\/Tourislab_hexagons_verd_03-140x140.png 140w\" sizes=\"(max-width: 1200px) 100vw, 1200px\" \/>\t\t\t\t\t\t\t\t\t\t\t\t\t<\/div>\n\t\t\t\t<\/div>\n\t\t\t\t\t<\/div>\n\t\t<\/div>\n\t\t\t\t\t<\/div>\n\t\t<\/section>\n\t\t\t\t<\/div>\n\t\t","protected":false},"excerpt":{"rendered":"<p>Blog con art\u00edculos y noticias de inter\u00e9s Blog En este apartado te informamos de noticias y art\u00edculos de inter\u00e9s\u00bfQuieres estar al d\u00eda de las novedades de Tourislab? En este apartado<\/p>\n","protected":false},"author":2,"featured_media":8414,"parent":0,"menu_order":0,"comment_status":"closed","ping_status":"closed","template":"elementor_header_footer","meta":{"_acf_changed":false,"footnotes":""},"class_list":["post-8077","page","type-page","status-publish","has-post-thumbnail"],"acf":[],"yoast_head":"<!-- This site is optimized with the Yoast SEO plugin v23.2 - https:\/\/yoast.com\/wordpress\/plugins\/seo\/ -->\n<title>Blog - TourisLab - Innovaci\u00f3 i dinamitzaci\u00f3 tur\u00edstica<\/title>\n<meta name=\"description\" content=\"\u00bfQuieres estar al d\u00eda de nuestras novedades? Te acercamos art\u00edculos sobre proyectos y noticias de inter\u00e9s de distintos \u00e1mbitos.\" \/>\n<meta name=\"robots\" content=\"index, follow, max-snippet:-1, max-image-preview:large, max-video-preview:-1\" \/>\n<link rel=\"canonical\" href=\"https:\/\/www.tourislab.com\/es\/blog\/\" \/>\n<meta property=\"og:locale\" content=\"es_ES\" \/>\n<meta property=\"og:type\" content=\"article\" \/>\n<meta property=\"og:title\" content=\"Blog - TourisLab - Innovaci\u00f3 i dinamitzaci\u00f3 tur\u00edstica\" \/>\n<meta property=\"og:description\" content=\"\u00bfQuieres estar al d\u00eda de nuestras novedades? Te acercamos art\u00edculos sobre proyectos y noticias de inter\u00e9s de distintos \u00e1mbitos.\" \/>\n<meta property=\"og:url\" content=\"https:\/\/www.tourislab.com\/es\/blog\/\" \/>\n<meta property=\"og:site_name\" content=\"TourisLab - Innovaci\u00f3 i dinamitzaci\u00f3 tur\u00edstica\" \/>\n<meta property=\"article:publisher\" content=\"https:\/\/www.facebook.com\/Tourislab\/\" \/>\n<meta property=\"article:modified_time\" content=\"2026-01-27T14:34:39+00:00\" \/>\n<meta property=\"og:image\" content=\"https:\/\/www.tourislab.com\/wp-content\/uploads\/2024\/05\/RLM161102_096BX.jpg\" \/>\n\t<meta property=\"og:image:width\" content=\"1920\" \/>\n\t<meta property=\"og:image:height\" content=\"1280\" \/>\n\t<meta property=\"og:image:type\" content=\"image\/jpeg\" \/>\n<meta name=\"twitter:card\" content=\"summary_large_image\" \/>\n<meta name=\"twitter:site\" content=\"@tourislab\" \/>\n<script type=\"application\/ld+json\" class=\"yoast-schema-graph\">{\"@context\":\"https:\/\/schema.org\",\"@graph\":[{\"@type\":\"WebPage\",\"@id\":\"https:\/\/www.tourislab.com\/es\/blog\/\",\"url\":\"https:\/\/www.tourislab.com\/es\/blog\/\",\"name\":\"Blog - TourisLab - Innovaci\u00f3 i dinamitzaci\u00f3 tur\u00edstica\",\"isPartOf\":{\"@id\":\"https:\/\/www.tourislab.com\/es\/#website\"},\"primaryImageOfPage\":{\"@id\":\"https:\/\/www.tourislab.com\/es\/blog\/#primaryimage\"},\"image\":{\"@id\":\"https:\/\/www.tourislab.com\/es\/blog\/#primaryimage\"},\"thumbnailUrl\":\"https:\/\/www.tourislab.com\/wp-content\/uploads\/2024\/05\/RLM161102_096BX.jpg\",\"datePublished\":\"2023-04-13T10:04:36+00:00\",\"dateModified\":\"2026-01-27T14:34:39+00:00\",\"description\":\"\u00bfQuieres estar al d\u00eda de nuestras novedades? Te acercamos art\u00edculos sobre proyectos y noticias de inter\u00e9s de distintos \u00e1mbitos.\",\"breadcrumb\":{\"@id\":\"https:\/\/www.tourislab.com\/es\/blog\/#breadcrumb\"},\"inLanguage\":\"es-ES\",\"potentialAction\":[{\"@type\":\"ReadAction\",\"target\":[\"https:\/\/www.tourislab.com\/es\/blog\/\"]}]},{\"@type\":\"ImageObject\",\"inLanguage\":\"es-ES\",\"@id\":\"https:\/\/www.tourislab.com\/es\/blog\/#primaryimage\",\"url\":\"https:\/\/www.tourislab.com\/wp-content\/uploads\/2024\/05\/RLM161102_096BX.jpg\",\"contentUrl\":\"https:\/\/www.tourislab.com\/wp-content\/uploads\/2024\/05\/RLM161102_096BX.jpg\",\"width\":1920,\"height\":1280,\"caption\":\"Monestir medieval de Sant Pere de Rodes. Serra de la Verdera. El Port de la Selva, Alt Empord\u00e0, Girona\"},{\"@type\":\"BreadcrumbList\",\"@id\":\"https:\/\/www.tourislab.com\/es\/blog\/#breadcrumb\",\"itemListElement\":[{\"@type\":\"ListItem\",\"position\":1,\"name\":\"Inici\",\"item\":\"https:\/\/www.tourislab.com\/es\/inicio\/\"},{\"@type\":\"ListItem\",\"position\":2,\"name\":\"Blog\"}]},{\"@type\":\"WebSite\",\"@id\":\"https:\/\/www.tourislab.com\/es\/#website\",\"url\":\"https:\/\/www.tourislab.com\/es\/\",\"name\":\"TourisLab - Innovaci\u00f3 i dinamitzaci\u00f3 tur\u00edstica\",\"description\":\"Innovaci\u00f3 i dinamitzaci\u00f3 tur\u00edstica\",\"publisher\":{\"@id\":\"https:\/\/www.tourislab.com\/es\/#organization\"},\"potentialAction\":[{\"@type\":\"SearchAction\",\"target\":{\"@type\":\"EntryPoint\",\"urlTemplate\":\"https:\/\/www.tourislab.com\/es\/?s={search_term_string}\"},\"query-input\":\"required name=search_term_string\"}],\"inLanguage\":\"es-ES\"},{\"@type\":\"Organization\",\"@id\":\"https:\/\/www.tourislab.com\/es\/#organization\",\"name\":\"Tourislab\",\"url\":\"https:\/\/www.tourislab.com\/es\/\",\"logo\":{\"@type\":\"ImageObject\",\"inLanguage\":\"es-ES\",\"@id\":\"https:\/\/www.tourislab.com\/es\/#\/schema\/logo\/image\/\",\"url\":\"https:\/\/www.tourislab.com\/wp-content\/uploads\/2015\/08\/logo_tourislab.png\",\"contentUrl\":\"https:\/\/www.tourislab.com\/wp-content\/uploads\/2015\/08\/logo_tourislab.png\",\"width\":305,\"height\":84,\"caption\":\"Tourislab\"},\"image\":{\"@id\":\"https:\/\/www.tourislab.com\/es\/#\/schema\/logo\/image\/\"},\"sameAs\":[\"https:\/\/www.facebook.com\/Tourislab\/\",\"https:\/\/x.com\/tourislab\",\"https:\/\/www.instagram.com\/tourislab\/\",\"https:\/\/www.linkedin.com\/company\/37791054\/admin\/\"]}]}<\/script>\n<!-- \/ Yoast SEO plugin. -->","yoast_head_json":{"title":"Blog - TourisLab - Innovaci\u00f3 i dinamitzaci\u00f3 tur\u00edstica","description":"\u00bfQuieres estar al d\u00eda de nuestras novedades? Te acercamos art\u00edculos sobre proyectos y noticias de inter\u00e9s de distintos \u00e1mbitos.","robots":{"index":"index","follow":"follow","max-snippet":"max-snippet:-1","max-image-preview":"max-image-preview:large","max-video-preview":"max-video-preview:-1"},"canonical":"https:\/\/www.tourislab.com\/es\/blog\/","og_locale":"es_ES","og_type":"article","og_title":"Blog - TourisLab - Innovaci\u00f3 i dinamitzaci\u00f3 tur\u00edstica","og_description":"\u00bfQuieres estar al d\u00eda de nuestras novedades? Te acercamos art\u00edculos sobre proyectos y noticias de inter\u00e9s de distintos \u00e1mbitos.","og_url":"https:\/\/www.tourislab.com\/es\/blog\/","og_site_name":"TourisLab - Innovaci\u00f3 i dinamitzaci\u00f3 tur\u00edstica","article_publisher":"https:\/\/www.facebook.com\/Tourislab\/","article_modified_time":"2026-01-27T14:34:39+00:00","og_image":[{"width":1920,"height":1280,"url":"https:\/\/www.tourislab.com\/wp-content\/uploads\/2024\/05\/RLM161102_096BX.jpg","type":"image\/jpeg"}],"twitter_card":"summary_large_image","twitter_site":"@tourislab","schema":{"@context":"https:\/\/schema.org","@graph":[{"@type":"WebPage","@id":"https:\/\/www.tourislab.com\/es\/blog\/","url":"https:\/\/www.tourislab.com\/es\/blog\/","name":"Blog - TourisLab - Innovaci\u00f3 i dinamitzaci\u00f3 tur\u00edstica","isPartOf":{"@id":"https:\/\/www.tourislab.com\/es\/#website"},"primaryImageOfPage":{"@id":"https:\/\/www.tourislab.com\/es\/blog\/#primaryimage"},"image":{"@id":"https:\/\/www.tourislab.com\/es\/blog\/#primaryimage"},"thumbnailUrl":"https:\/\/www.tourislab.com\/wp-content\/uploads\/2024\/05\/RLM161102_096BX.jpg","datePublished":"2023-04-13T10:04:36+00:00","dateModified":"2026-01-27T14:34:39+00:00","description":"\u00bfQuieres estar al d\u00eda de nuestras novedades? Te acercamos art\u00edculos sobre proyectos y noticias de inter\u00e9s de distintos \u00e1mbitos.","breadcrumb":{"@id":"https:\/\/www.tourislab.com\/es\/blog\/#breadcrumb"},"inLanguage":"es-ES","potentialAction":[{"@type":"ReadAction","target":["https:\/\/www.tourislab.com\/es\/blog\/"]}]},{"@type":"ImageObject","inLanguage":"es-ES","@id":"https:\/\/www.tourislab.com\/es\/blog\/#primaryimage","url":"https:\/\/www.tourislab.com\/wp-content\/uploads\/2024\/05\/RLM161102_096BX.jpg","contentUrl":"https:\/\/www.tourislab.com\/wp-content\/uploads\/2024\/05\/RLM161102_096BX.jpg","width":1920,"height":1280,"caption":"Monestir medieval de Sant Pere de Rodes. Serra de la Verdera. El Port de la Selva, Alt Empord\u00e0, Girona"},{"@type":"BreadcrumbList","@id":"https:\/\/www.tourislab.com\/es\/blog\/#breadcrumb","itemListElement":[{"@type":"ListItem","position":1,"name":"Inici","item":"https:\/\/www.tourislab.com\/es\/inicio\/"},{"@type":"ListItem","position":2,"name":"Blog"}]},{"@type":"WebSite","@id":"https:\/\/www.tourislab.com\/es\/#website","url":"https:\/\/www.tourislab.com\/es\/","name":"TourisLab - Innovaci\u00f3 i dinamitzaci\u00f3 tur\u00edstica","description":"Innovaci\u00f3 i dinamitzaci\u00f3 tur\u00edstica","publisher":{"@id":"https:\/\/www.tourislab.com\/es\/#organization"},"potentialAction":[{"@type":"SearchAction","target":{"@type":"EntryPoint","urlTemplate":"https:\/\/www.tourislab.com\/es\/?s={search_term_string}"},"query-input":"required name=search_term_string"}],"inLanguage":"es-ES"},{"@type":"Organization","@id":"https:\/\/www.tourislab.com\/es\/#organization","name":"Tourislab","url":"https:\/\/www.tourislab.com\/es\/","logo":{"@type":"ImageObject","inLanguage":"es-ES","@id":"https:\/\/www.tourislab.com\/es\/#\/schema\/logo\/image\/","url":"https:\/\/www.tourislab.com\/wp-content\/uploads\/2015\/08\/logo_tourislab.png","contentUrl":"https:\/\/www.tourislab.com\/wp-content\/uploads\/2015\/08\/logo_tourislab.png","width":305,"height":84,"caption":"Tourislab"},"image":{"@id":"https:\/\/www.tourislab.com\/es\/#\/schema\/logo\/image\/"},"sameAs":["https:\/\/www.facebook.com\/Tourislab\/","https:\/\/x.com\/tourislab","https:\/\/www.instagram.com\/tourislab\/","https:\/\/www.linkedin.com\/company\/37791054\/admin\/"]}]}},"_links":{"self":[{"href":"https:\/\/www.tourislab.com\/es\/wp-json\/wp\/v2\/pages\/8077"}],"collection":[{"href":"https:\/\/www.tourislab.com\/es\/wp-json\/wp\/v2\/pages"}],"about":[{"href":"https:\/\/www.tourislab.com\/es\/wp-json\/wp\/v2\/types\/page"}],"author":[{"embeddable":true,"href":"https:\/\/www.tourislab.com\/es\/wp-json\/wp\/v2\/users\/2"}],"replies":[{"embeddable":true,"href":"https:\/\/www.tourislab.com\/es\/wp-json\/wp\/v2\/comments?post=8077"}],"version-history":[{"count":9,"href":"https:\/\/www.tourislab.com\/es\/wp-json\/wp\/v2\/pages\/8077\/revisions"}],"predecessor-version":[{"id":8882,"href":"https:\/\/www.tourislab.com\/es\/wp-json\/wp\/v2\/pages\/8077\/revisions\/8882"}],"wp:featuredmedia":[{"embeddable":true,"href":"https:\/\/www.tourislab.com\/es\/wp-json\/wp\/v2\/media\/8414"}],"wp:attachment":[{"href":"https:\/\/www.tourislab.com\/es\/wp-json\/wp\/v2\/media?parent=8077"}],"curies":[{"name":"wp","href":"https:\/\/api.w.org\/{rel}","templated":true}]}}